{"id":1472,"date":"2024-05-15T16:40:31","date_gmt":"2024-05-15T16:40:31","guid":{"rendered":"https:\/\/atlantaknokke.be\/arrangements\/"},"modified":"2024-10-28T10:27:53","modified_gmt":"2024-10-28T10:27:53","slug":"arrangements","status":"publish","type":"page","link":"https:\/\/atlantaknokke.be\/de\/arrangements\/","title":{"rendered":"Arrangements"},"content":{"rendered":"\t\t<div data-elementor-type=\"wp-page\" data-elementor-id=\"1472\" class=\"elementor elementor-1472 elementor-30\" data-elementor-post-type=\"page\">\n\t\t\t\t<div class=\"elementor-element elementor-element-df05962 e-con-full e-flex e-con e-parent\" data-id=\"df05962\" data-element_type=\"container\" data-e-type=\"container\">\n\t\t<div class=\"elementor-element elementor-element-d940d93 e-con-full e-flex e-con e-child\" data-id=\"d940d93\" data-element_type=\"container\" data-e-type=\"container\" data-settings=\"{&quot;background_background&quot;:&quot;classic&quot;}\">\n\t\t\t\t<div class=\"elementor-element elementor-element-18c82a3 elementor-widget elementor-widget-heading\" data-id=\"18c82a3\" data-element_type=\"widget\" data-e-type=\"widget\" data-widget_type=\"heading.default\">\n\t\t\t\t<div class=\"elementor-widget-container\">\n\t\t\t\t\t<h1 class=\"elementor-heading-title elementor-size-default\">Arrangements<\/h1>\t\t\t\t<\/div>\n\t\t\t\t<\/div>\n\t\t\t\t<\/div>\n\t\t\t\t<\/div>\n\t\t<div class=\"elementor-element elementor-element-42ef4e0 e-flex e-con-boxed e-con e-parent\" data-id=\"42ef4e0\" data-element_type=\"container\" data-e-type=\"container\">\n\t\t\t\t\t<div class=\"e-con-inner\">\n\t\t\t\t<div class=\"elementor-element elementor-element-7f0e851 elementor-widget elementor-widget-heading\" data-id=\"7f0e851\" data-element_type=\"widget\" data-e-type=\"widget\" data-widget_type=\"heading.default\">\n\t\t\t\t<div class=\"elementor-widget-container\">\n\t\t\t\t\t<h2 class=\"elementor-heading-title elementor-size-default\">Feiern Sie die sch\u00f6nsten Momente in Atlanta<\/h2>\t\t\t\t<\/div>\n\t\t\t\t<\/div>\n\t\t\t\t\t<\/div>\n\t\t\t\t<\/div>\n\t\t<div class=\"elementor-element elementor-element-e4001da e-flex e-con-boxed e-con e-parent\" data-id=\"e4001da\" data-element_type=\"container\" data-e-type=\"container\">\n\t\t\t\t\t<div class=\"e-con-inner\">\n\t\t<div class=\"elementor-element elementor-element-174e546 e-con-full e-flex e-con e-child\" data-id=\"174e546\" data-element_type=\"container\" data-e-type=\"container\" data-settings=\"{&quot;background_background&quot;:&quot;classic&quot;}\">\n\t\t\t\t<div class=\"elementor-element elementor-element-0c3ea35 elementor-widget elementor-widget-heading\" data-id=\"0c3ea35\" data-element_type=\"widget\" data-e-type=\"widget\" data-widget_type=\"heading.default\">\n\t\t\t\t<div class=\"elementor-widget-container\">\n\t\t\t\t\t<h2 class=\"elementor-heading-title elementor-size-default\">Happy Trip G\u00e4stevorteil<\/h2>\t\t\t\t<\/div>\n\t\t\t\t<\/div>\n\t\t\t\t<div class=\"elementor-element elementor-element-2215d0a elementor-widget elementor-widget-text-editor\" data-id=\"2215d0a\" data-element_type=\"widget\" data-e-type=\"widget\" data-widget_type=\"text-editor.default\">\n\t\t\t\t<div class=\"elementor-widget-container\">\n\t\t\t\t\t\t\t\t\t<p>Als Service nach der Buchung:<\/p><p>&#8222;Happy Trip&#8220; ist eine G\u00e4stevorteil Formel, mit der Sie g\u00fcnstig, bequem und nachhaltig mit dem Zug an die K\u00fcste, nach Br\u00fcgge und in andere St\u00e4dte Westflanderns reisen k\u00f6nnen.<\/p><p>Nur 14,00 \u20ac pro Person, hin und zur\u00fcck, von jedem belgischen Bahnhof aus.<\/p><p>Teilen Sie uns einfach mit, dass Sie Rabattcodes f\u00fcr den Zug erhalten m\u00f6chten, und wir erledigen den Rest.<\/p>\t\t\t\t\t\t\t\t<\/div>\n\t\t\t\t<\/div>\n\t\t\t\t<\/div>\n\t\t<div class=\"elementor-element elementor-element-07fd171 e-con-full e-flex e-con e-child\" data-id=\"07fd171\" data-element_type=\"container\" data-e-type=\"container\" data-settings=\"{&quot;background_background&quot;:&quot;classic&quot;}\">\n\t\t\t\t<div class=\"elementor-element elementor-element-f9c1ef1 elementor-widget elementor-widget-heading\" data-id=\"f9c1ef1\" data-element_type=\"widget\" data-e-type=\"widget\" data-widget_type=\"heading.default\">\n\t\t\t\t<div class=\"elementor-widget-container\">\n\t\t\t\t\t<h2 class=\"elementor-heading-title elementor-size-default\">Halbpension<\/h2>\t\t\t\t<\/div>\n\t\t\t\t<\/div>\n\t\t\t\t<div class=\"elementor-element elementor-element-fbb4360 elementor-widget elementor-widget-text-editor\" data-id=\"fbb4360\" data-element_type=\"widget\" data-e-type=\"widget\" data-widget_type=\"text-editor.default\">\n\t\t\t\t<div class=\"elementor-widget-container\">\n\t\t\t\t\t\t\t\t\t<p>Mit Halbpension auf die volle Reservierung, bieten wir einen Rabatt von 10,00 \u20ac auf das Zimmer pro Nacht.<\/p>\t\t\t\t\t\t\t\t<\/div>\n\t\t\t\t<\/div>\n\t\t\t\t<\/div>\n\t\t<div class=\"elementor-element elementor-element-36fe0b9 e-con-full e-flex e-con e-child\" data-id=\"36fe0b9\" data-element_type=\"container\" data-e-type=\"container\" data-settings=\"{&quot;background_background&quot;:&quot;classic&quot;}\">\n\t\t\t\t<div class=\"elementor-element elementor-element-7e590dc elementor-widget elementor-widget-heading\" data-id=\"7e590dc\" data-element_type=\"widget\" data-e-type=\"widget\" data-widget_type=\"heading.default\">\n\t\t\t\t<div class=\"elementor-widget-container\">\n\t\t\t\t\t<h2 class=\"elementor-heading-title elementor-size-default\">Weihnachten<\/h2>\t\t\t\t<\/div>\n\t\t\t\t<\/div>\n\t\t\t\t<div class=\"elementor-element elementor-element-57f1723 elementor-widget elementor-widget-text-editor\" data-id=\"57f1723\" data-element_type=\"widget\" data-e-type=\"widget\" data-widget_type=\"text-editor.default\">\n\t\t\t\t<div class=\"elementor-widget-container\">\n\t\t\t\t\t\t\t\t\t<p>Infos folgen.<\/p>\n\t\t\t\t\t\t\t\t<\/div>\n\t\t\t\t<\/div>\n\t\t\t\t<\/div>\n\t\t<div class=\"elementor-element elementor-element-1ec5c5d e-con-full e-flex e-con e-child\" data-id=\"1ec5c5d\" data-element_type=\"container\" data-e-type=\"container\" data-settings=\"{&quot;background_background&quot;:&quot;classic&quot;}\">\n\t\t\t\t<div class=\"elementor-element elementor-element-58ed6b5 elementor-widget elementor-widget-heading\" data-id=\"58ed6b5\" data-element_type=\"widget\" data-e-type=\"widget\" data-widget_type=\"heading.default\">\n\t\t\t\t<div class=\"elementor-widget-container\">\n\t\t\t\t\t<h2 class=\"elementor-heading-title elementor-size-default\">Neujahr<\/h2>\t\t\t\t<\/div>\n\t\t\t\t<\/div>\n\t\t\t\t<div class=\"elementor-element elementor-element-6aafae9 elementor-widget elementor-widget-text-editor\" data-id=\"6aafae9\" data-element_type=\"widget\" data-e-type=\"widget\" data-widget_type=\"text-editor.default\">\n\t\t\t\t<div class=\"elementor-widget-container\">\n\t\t\t\t\t\t\t\t\t<p>Info folgt.<\/p>\n\t\t\t\t\t\t\t\t<\/div>\n\t\t\t\t<\/div>\n\t\t\t\t<\/div>\n\t\t\t\t\t<\/div>\n\t\t\t\t<\/div>\n\t\t\t\t<\/div>\n\t\t","protected":false},"excerpt":{"rendered":"<p>Feiern Sie die sch\u00f6nsten Momente in Atlanta Happy Trip G\u00e4stevorteil Als Service nach der Buchung: &#8222;Happy Trip&#8220; ist eine G\u00e4stevorteil Formel, mit der Sie g\u00fcnstig, bequem und nachhaltig mit dem Zug an die K\u00fcste, nach Br\u00fcgge und in andere St\u00e4dte Westflanderns reisen k\u00f6nnen. Nur 14,00 \u20ac pro Person, hin und zur\u00fcck, von jedem belgischen Bahnhof [&hellip;]<\/p>\n","protected":false},"author":1,"featured_media":0,"parent":0,"menu_order":0,"comment_status":"closed","ping_status":"closed","template":"","meta":{"footnotes":""},"class_list":["post-1472","page","type-page","status-publish","hentry"],"yoast_head":"<!-- This site is optimized with the Yoast SEO plugin v26.9 - https:\/\/yoast.com\/product\/yoast-seo-wordpress\/ -->\n<title>Arrangement Hotel Atlanta | Festliche Aufenthalte in Knokke<\/title>\n<meta name=\"description\" content=\"Entdecken Sie unsere einzigartigen Pakete f\u00fcr jede Jahreszeit und jeden Anlass. Ob Sie einen erholsamen Urlaub oder einen festlichen Aufenthalt suchen, das Hotel Atlanta hat das perfekte Paket f\u00fcr Sie.\" \/>\n<meta name=\"robots\" content=\"index, follow, max-snippet:-1, max-image-preview:large, max-video-preview:-1\" \/>\n<link rel=\"canonical\" href=\"https:\/\/atlantaknokke.be\/de\/arrangements\/\" \/>\n<meta property=\"og:locale\" content=\"de_DE\" \/>\n<meta property=\"og:type\" content=\"article\" \/>\n<meta property=\"og:title\" content=\"Arrangement Hotel Atlanta | Festliche Aufenthalte in Knokke\" \/>\n<meta property=\"og:description\" content=\"Entdecken Sie unsere einzigartigen Pakete f\u00fcr jede Jahreszeit und jeden Anlass. Ob Sie einen erholsamen Urlaub oder einen festlichen Aufenthalt suchen, das Hotel Atlanta hat das perfekte Paket f\u00fcr Sie.\" \/>\n<meta property=\"og:url\" content=\"https:\/\/atlantaknokke.be\/de\/arrangements\/\" \/>\n<meta property=\"og:site_name\" content=\"Hotel Atlanta Knokke\" \/>\n<meta property=\"article:modified_time\" content=\"2024-10-28T10:27:53+00:00\" \/>\n<meta property=\"og:image\" content=\"https:\/\/atlantaknokke.be\/wp-content\/uploads\/2024\/05\/logo-atlanta.png\" \/>\n\t<meta property=\"og:image:width\" content=\"271\" \/>\n\t<meta property=\"og:image:height\" content=\"68\" \/>\n\t<meta property=\"og:image:type\" content=\"image\/png\" \/>\n<meta name=\"twitter:card\" content=\"summary_large_image\" \/>\n<meta name=\"twitter:label1\" content=\"Gesch\u00e4tzte Lesezeit\" \/>\n\t<meta name=\"twitter:data1\" content=\"1\u00a0Minute\" \/>\n<script type=\"application\/ld+json\" class=\"yoast-schema-graph\">{\"@context\":\"https:\/\/schema.org\",\"@graph\":[{\"@type\":\"WebPage\",\"@id\":\"https:\/\/atlantaknokke.be\/de\/arrangements\/\",\"url\":\"https:\/\/atlantaknokke.be\/de\/arrangements\/\",\"name\":\"Arrangement Hotel Atlanta | Festliche Aufenthalte in Knokke\",\"isPartOf\":{\"@id\":\"https:\/\/atlantaknokke.be\/de\/#website\"},\"datePublished\":\"2024-05-15T16:40:31+00:00\",\"dateModified\":\"2024-10-28T10:27:53+00:00\",\"description\":\"Entdecken Sie unsere einzigartigen Pakete f\u00fcr jede Jahreszeit und jeden Anlass. Ob Sie einen erholsamen Urlaub oder einen festlichen Aufenthalt suchen, das Hotel Atlanta hat das perfekte Paket f\u00fcr Sie.\",\"breadcrumb\":{\"@id\":\"https:\/\/atlantaknokke.be\/de\/arrangements\/#breadcrumb\"},\"inLanguage\":\"de\",\"potentialAction\":[{\"@type\":\"ReadAction\",\"target\":[\"https:\/\/atlantaknokke.be\/de\/arrangements\/\"]}]},{\"@type\":\"BreadcrumbList\",\"@id\":\"https:\/\/atlantaknokke.be\/de\/arrangements\/#breadcrumb\",\"itemListElement\":[{\"@type\":\"ListItem\",\"position\":1,\"name\":\"Home\",\"item\":\"https:\/\/atlantaknokke.be\/de\/\"},{\"@type\":\"ListItem\",\"position\":2,\"name\":\"Arrangements\"}]},{\"@type\":\"WebSite\",\"@id\":\"https:\/\/atlantaknokke.be\/de\/#website\",\"url\":\"https:\/\/atlantaknokke.be\/de\/\",\"name\":\"Hotel Atlanta Knokke\",\"description\":\"\",\"publisher\":{\"@id\":\"https:\/\/atlantaknokke.be\/de\/#organization\"},\"potentialAction\":[{\"@type\":\"SearchAction\",\"target\":{\"@type\":\"EntryPoint\",\"urlTemplate\":\"https:\/\/atlantaknokke.be\/de\/?s={search_term_string}\"},\"query-input\":{\"@type\":\"PropertyValueSpecification\",\"valueRequired\":true,\"valueName\":\"search_term_string\"}}],\"inLanguage\":\"de\"},{\"@type\":\"Organization\",\"@id\":\"https:\/\/atlantaknokke.be\/de\/#organization\",\"name\":\"Hotel Atlanta Knokke\",\"url\":\"https:\/\/atlantaknokke.be\/de\/\",\"logo\":{\"@type\":\"ImageObject\",\"inLanguage\":\"de\",\"@id\":\"https:\/\/atlantaknokke.be\/de\/#\/schema\/logo\/image\/\",\"url\":\"https:\/\/atlantaknokke.be\/wp-content\/uploads\/2024\/06\/logo.jpeg\",\"contentUrl\":\"https:\/\/atlantaknokke.be\/wp-content\/uploads\/2024\/06\/logo.jpeg\",\"width\":884,\"height\":588,\"caption\":\"Hotel Atlanta Knokke\"},\"image\":{\"@id\":\"https:\/\/atlantaknokke.be\/de\/#\/schema\/logo\/image\/\"}}]}<\/script>\n<!-- \/ Yoast SEO plugin. -->","yoast_head_json":{"title":"Arrangement Hotel Atlanta | Festliche Aufenthalte in Knokke","description":"Entdecken Sie unsere einzigartigen Pakete f\u00fcr jede Jahreszeit und jeden Anlass. Ob Sie einen erholsamen Urlaub oder einen festlichen Aufenthalt suchen, das Hotel Atlanta hat das perfekte Paket f\u00fcr Sie.","robots":{"index":"index","follow":"follow","max-snippet":"max-snippet:-1","max-image-preview":"max-image-preview:large","max-video-preview":"max-video-preview:-1"},"canonical":"https:\/\/atlantaknokke.be\/de\/arrangements\/","og_locale":"de_DE","og_type":"article","og_title":"Arrangement Hotel Atlanta | Festliche Aufenthalte in Knokke","og_description":"Entdecken Sie unsere einzigartigen Pakete f\u00fcr jede Jahreszeit und jeden Anlass. Ob Sie einen erholsamen Urlaub oder einen festlichen Aufenthalt suchen, das Hotel Atlanta hat das perfekte Paket f\u00fcr Sie.","og_url":"https:\/\/atlantaknokke.be\/de\/arrangements\/","og_site_name":"Hotel Atlanta Knokke","article_modified_time":"2024-10-28T10:27:53+00:00","og_image":[{"width":271,"height":68,"url":"https:\/\/atlantaknokke.be\/wp-content\/uploads\/2024\/05\/logo-atlanta.png","type":"image\/png"}],"twitter_card":"summary_large_image","twitter_misc":{"Gesch\u00e4tzte Lesezeit":"1\u00a0Minute"},"schema":{"@context":"https:\/\/schema.org","@graph":[{"@type":"WebPage","@id":"https:\/\/atlantaknokke.be\/de\/arrangements\/","url":"https:\/\/atlantaknokke.be\/de\/arrangements\/","name":"Arrangement Hotel Atlanta | Festliche Aufenthalte in Knokke","isPartOf":{"@id":"https:\/\/atlantaknokke.be\/de\/#website"},"datePublished":"2024-05-15T16:40:31+00:00","dateModified":"2024-10-28T10:27:53+00:00","description":"Entdecken Sie unsere einzigartigen Pakete f\u00fcr jede Jahreszeit und jeden Anlass. Ob Sie einen erholsamen Urlaub oder einen festlichen Aufenthalt suchen, das Hotel Atlanta hat das perfekte Paket f\u00fcr Sie.","breadcrumb":{"@id":"https:\/\/atlantaknokke.be\/de\/arrangements\/#breadcrumb"},"inLanguage":"de","potentialAction":[{"@type":"ReadAction","target":["https:\/\/atlantaknokke.be\/de\/arrangements\/"]}]},{"@type":"BreadcrumbList","@id":"https:\/\/atlantaknokke.be\/de\/arrangements\/#breadcrumb","itemListElement":[{"@type":"ListItem","position":1,"name":"Home","item":"https:\/\/atlantaknokke.be\/de\/"},{"@type":"ListItem","position":2,"name":"Arrangements"}]},{"@type":"WebSite","@id":"https:\/\/atlantaknokke.be\/de\/#website","url":"https:\/\/atlantaknokke.be\/de\/","name":"Hotel Atlanta Knokke","description":"","publisher":{"@id":"https:\/\/atlantaknokke.be\/de\/#organization"},"potentialAction":[{"@type":"SearchAction","target":{"@type":"EntryPoint","urlTemplate":"https:\/\/atlantaknokke.be\/de\/?s={search_term_string}"},"query-input":{"@type":"PropertyValueSpecification","valueRequired":true,"valueName":"search_term_string"}}],"inLanguage":"de"},{"@type":"Organization","@id":"https:\/\/atlantaknokke.be\/de\/#organization","name":"Hotel Atlanta Knokke","url":"https:\/\/atlantaknokke.be\/de\/","logo":{"@type":"ImageObject","inLanguage":"de","@id":"https:\/\/atlantaknokke.be\/de\/#\/schema\/logo\/image\/","url":"https:\/\/atlantaknokke.be\/wp-content\/uploads\/2024\/06\/logo.jpeg","contentUrl":"https:\/\/atlantaknokke.be\/wp-content\/uploads\/2024\/06\/logo.jpeg","width":884,"height":588,"caption":"Hotel Atlanta Knokke"},"image":{"@id":"https:\/\/atlantaknokke.be\/de\/#\/schema\/logo\/image\/"}}]}},"_links":{"self":[{"href":"https:\/\/atlantaknokke.be\/de\/wp-json\/wp\/v2\/pages\/1472","targetHints":{"allow":["GET"]}}],"collection":[{"href":"https:\/\/atlantaknokke.be\/de\/wp-json\/wp\/v2\/pages"}],"about":[{"href":"https:\/\/atlantaknokke.be\/de\/wp-json\/wp\/v2\/types\/page"}],"author":[{"embeddable":true,"href":"https:\/\/atlantaknokke.be\/de\/wp-json\/wp\/v2\/users\/1"}],"replies":[{"embeddable":true,"href":"https:\/\/atlantaknokke.be\/de\/wp-json\/wp\/v2\/comments?post=1472"}],"version-history":[{"count":7,"href":"https:\/\/atlantaknokke.be\/de\/wp-json\/wp\/v2\/pages\/1472\/revisions"}],"predecessor-version":[{"id":1688,"href":"https:\/\/atlantaknokke.be\/de\/wp-json\/wp\/v2\/pages\/1472\/revisions\/1688"}],"wp:attachment":[{"href":"https:\/\/atlantaknokke.be\/de\/wp-json\/wp\/v2\/media?parent=1472"}],"curies":[{"name":"wp","href":"https:\/\/api.w.org\/{rel}","templated":true}]}}