{"id":1431,"date":"2024-05-15T16:40:31","date_gmt":"2024-05-15T16:40:31","guid":{"rendered":"https:\/\/atlantaknokke.be\/arrangements\/"},"modified":"2025-10-27T09:31:26","modified_gmt":"2025-10-27T09:31:26","slug":"arrangements","status":"publish","type":"page","link":"https:\/\/atlantaknokke.be\/fr\/arrangements\/","title":{"rendered":"Arrangements"},"content":{"rendered":"\t\t<div data-elementor-type=\"wp-page\" data-elementor-id=\"1431\" class=\"elementor elementor-1431 elementor-30\" data-elementor-post-type=\"page\">\n\t\t\t\t<div class=\"elementor-element elementor-element-df05962 e-con-full e-flex e-con e-parent\" data-id=\"df05962\" data-element_type=\"container\" data-e-type=\"container\">\n\t\t<div class=\"elementor-element elementor-element-d940d93 e-con-full e-flex e-con e-child\" data-id=\"d940d93\" data-element_type=\"container\" data-e-type=\"container\" data-settings=\"{&quot;background_background&quot;:&quot;classic&quot;}\">\n\t\t\t\t<div class=\"elementor-element elementor-element-18c82a3 elementor-widget elementor-widget-heading\" data-id=\"18c82a3\" data-element_type=\"widget\" data-e-type=\"widget\" data-widget_type=\"heading.default\">\n\t\t\t\t<div class=\"elementor-widget-container\">\n\t\t\t\t\t<h1 class=\"elementor-heading-title elementor-size-default\">Arrangements<\/h1>\t\t\t\t<\/div>\n\t\t\t\t<\/div>\n\t\t\t\t<\/div>\n\t\t\t\t<\/div>\n\t\t<div class=\"elementor-element elementor-element-42ef4e0 e-flex e-con-boxed e-con e-parent\" data-id=\"42ef4e0\" data-element_type=\"container\" data-e-type=\"container\">\n\t\t\t\t\t<div class=\"e-con-inner\">\n\t\t\t\t<div class=\"elementor-element elementor-element-7f0e851 elementor-widget elementor-widget-heading\" data-id=\"7f0e851\" data-element_type=\"widget\" data-e-type=\"widget\" data-widget_type=\"heading.default\">\n\t\t\t\t<div class=\"elementor-widget-container\">\n\t\t\t\t\t<h2 class=\"elementor-heading-title elementor-size-default\">C\u00e9l\u00e9brez les meilleurs moments \u00e0 Atlanta<\/h2>\t\t\t\t<\/div>\n\t\t\t\t<\/div>\n\t\t\t\t\t<\/div>\n\t\t\t\t<\/div>\n\t\t<div class=\"elementor-element elementor-element-e4001da e-flex e-con-boxed e-con e-parent\" data-id=\"e4001da\" data-element_type=\"container\" data-e-type=\"container\">\n\t\t\t\t\t<div class=\"e-con-inner\">\n\t\t<div class=\"elementor-element elementor-element-174e546 e-con-full e-flex e-con e-child\" data-id=\"174e546\" data-element_type=\"container\" data-e-type=\"container\" data-settings=\"{&quot;background_background&quot;:&quot;classic&quot;}\">\n\t\t\t\t<div class=\"elementor-element elementor-element-0c3ea35 elementor-widget elementor-widget-heading\" data-id=\"0c3ea35\" data-element_type=\"widget\" data-e-type=\"widget\" data-widget_type=\"heading.default\">\n\t\t\t\t<div class=\"elementor-widget-container\">\n\t\t\t\t\t<h2 class=\"elementor-heading-title elementor-size-default\">Avantage  Happy Trip<\/h2>\t\t\t\t<\/div>\n\t\t\t\t<\/div>\n\t\t\t\t<div class=\"elementor-element elementor-element-2215d0a elementor-widget elementor-widget-text-editor\" data-id=\"2215d0a\" data-element_type=\"widget\" data-e-type=\"widget\" data-widget_type=\"text-editor.default\">\n\t\t\t\t<div class=\"elementor-widget-container\">\n\t\t\t\t\t\t\t\t\t<p>En tant que service apr\u00e8s la r\u00e9servation:\u00a0<\/p><p><br \/>\u00ab\u00a0Happy Trip\u00a0\u00bb est une formule qui vous permet de voyager en train de mani\u00e8re \u00e9conomique, comfortable et durable vers la C\u00f4te, Bruges et d&rsquo;autre villes de Flandre occidentale.<\/p><p>Seulement \u20ac14,00 pp aller)retour, \u00e0 partir de n&rsquo;importe quelle gare Belge.<\/p><p>Indiquez-nous simplement que vous souhaitez recevoir des codes de r\u00e9duction pour les trains et nous nous occupons du reste.<br \/><br \/><\/p>\t\t\t\t\t\t\t\t<\/div>\n\t\t\t\t<\/div>\n\t\t\t\t<\/div>\n\t\t<div class=\"elementor-element elementor-element-b137127 e-con-full e-flex e-con e-child\" data-id=\"b137127\" data-element_type=\"container\" data-e-type=\"container\" data-settings=\"{&quot;background_background&quot;:&quot;classic&quot;}\">\n\t\t\t\t<div class=\"elementor-element elementor-element-6b938e0 elementor-widget elementor-widget-heading\" data-id=\"6b938e0\" data-element_type=\"widget\" data-e-type=\"widget\" data-widget_type=\"heading.default\">\n\t\t\t\t<div class=\"elementor-widget-container\">\n\t\t\t\t\t<h2 class=\"elementor-heading-title elementor-size-default\">Demi-pension<\/h2>\t\t\t\t<\/div>\n\t\t\t\t<\/div>\n\t\t\t\t<div class=\"elementor-element elementor-element-4f7ead2 elementor-widget elementor-widget-text-editor\" data-id=\"4f7ead2\" data-element_type=\"widget\" data-e-type=\"widget\" data-widget_type=\"text-editor.default\">\n\t\t\t\t<div class=\"elementor-widget-container\">\n\t\t\t\t\t\t\t\t\t<p>Pour la demi-pension sur la r\u00e9servation compl\u00e8te,<br \/>nous offrons une r\u00e9duction de 10,00 \u20ac sur la chambre par nuit.<\/p>\t\t\t\t\t\t\t\t<\/div>\n\t\t\t\t<\/div>\n\t\t\t\t<\/div>\n\t\t<div class=\"elementor-element elementor-element-36fe0b9 e-con-full e-flex e-con e-child\" data-id=\"36fe0b9\" data-element_type=\"container\" data-e-type=\"container\" data-settings=\"{&quot;background_background&quot;:&quot;classic&quot;}\">\n\t\t\t\t<div class=\"elementor-element elementor-element-7e590dc elementor-widget elementor-widget-heading\" data-id=\"7e590dc\" data-element_type=\"widget\" data-e-type=\"widget\" data-widget_type=\"heading.default\">\n\t\t\t\t<div class=\"elementor-widget-container\">\n\t\t\t\t\t<h2 class=\"elementor-heading-title elementor-size-default\">Menu de No\u00ebl<\/h2>\t\t\t\t<\/div>\n\t\t\t\t<\/div>\n\t\t\t\t<div class=\"elementor-element elementor-element-57f1723 elementor-widget elementor-widget-text-editor\" data-id=\"57f1723\" data-element_type=\"widget\" data-e-type=\"widget\" data-widget_type=\"text-editor.default\">\n\t\t\t\t<div class=\"elementor-widget-container\">\n\t\t\t\t\t\t\t\t\t<p>24\/12\/2025<\/p><p>Coupe Champagne &#8211; Amuse- Gueules<\/p><p>Filets de Sole &#8211; Shiitakes &#8211; Lavas<\/p><p>Homard \u00e0 la Thailandaise\u00a0 &#8211; Bimi\u00a0<\/p><p>Sorbet au Limoncello &#8211; Cava<\/p><p>Dinde de No\u00ebl &#8211; Truffes &#8211; Poire\u00a0 &#8211; Airelles &#8211; Donut Croquette<\/p><p>La Buche Glac\u00e9e du P\u00e8re No\u00ebl<\/p><p>\u20ac 120<\/p>\t\t\t\t\t\t\t\t<\/div>\n\t\t\t\t<\/div>\n\t\t\t\t<\/div>\n\t\t<div class=\"elementor-element elementor-element-1ec5c5d e-con-full e-flex e-con e-child\" data-id=\"1ec5c5d\" data-element_type=\"container\" data-e-type=\"container\" data-settings=\"{&quot;background_background&quot;:&quot;classic&quot;}\">\n\t\t\t\t<div class=\"elementor-element elementor-element-58ed6b5 elementor-widget elementor-widget-heading\" data-id=\"58ed6b5\" data-element_type=\"widget\" data-e-type=\"widget\" data-widget_type=\"heading.default\">\n\t\t\t\t<div class=\"elementor-widget-container\">\n\t\t\t\t\t<h2 class=\"elementor-heading-title elementor-size-default\">Menu du R\u00e9veillon <\/h2>\t\t\t\t<\/div>\n\t\t\t\t<\/div>\n\t\t\t\t<div class=\"elementor-element elementor-element-6aafae9 elementor-widget elementor-widget-text-editor\" data-id=\"6aafae9\" data-element_type=\"widget\" data-e-type=\"widget\" data-widget_type=\"text-editor.default\">\n\t\t\t\t<div class=\"elementor-widget-container\">\n\t\t\t\t\t\t\t\t\t<p>31\/12\/2025<\/p><p>Coupe de Champagne &#8211; Amuse-Gueules<\/p><p>Coquilles St.-Jacques &#8211; Saumon &#8211; Butternut\u00a0<\/p><p>Homard Gratin\u00e9 &#8211; Fines Herbes<\/p><p>Sorbet \u00e0 la Grenade &#8211; Cava<\/p><p>M\u00e9daillon de Cerf &#8211; C\u00e9leri- Rave &#8211; Champignons de H\u00eatre &#8211; Sauce Balsamico &#8211; P.Millefeuilles<\/p><p>Symphonie de Chocolat\u00a0<\/p><p>\u20ac 140\u00a0<\/p>\t\t\t\t\t\t\t\t<\/div>\n\t\t\t\t<\/div>\n\t\t\t\t<\/div>\n\t\t\t\t\t<\/div>\n\t\t\t\t<\/div>\n\t\t\t\t<\/div>\n\t\t","protected":false},"excerpt":{"rendered":"<p>C\u00e9l\u00e9brez les meilleurs moments \u00e0 Atlanta Avantage Happy Trip En tant que service apr\u00e8s la r\u00e9servation:\u00a0 \u00ab\u00a0Happy Trip\u00a0\u00bb est une formule qui vous permet de voyager en train de mani\u00e8re \u00e9conomique, comfortable et durable vers la C\u00f4te, Bruges et d&rsquo;autre villes de Flandre occidentale. Seulement \u20ac14,00 pp aller)retour, \u00e0 partir de n&rsquo;importe quelle gare Belge. [&hellip;]<\/p>\n","protected":false},"author":1,"featured_media":0,"parent":0,"menu_order":0,"comment_status":"closed","ping_status":"closed","template":"","meta":{"footnotes":""},"class_list":["post-1431","page","type-page","status-publish","hentry"],"yoast_head":"<!-- This site is optimized with the Yoast SEO plugin v26.9 - https:\/\/yoast.com\/product\/yoast-seo-wordpress\/ -->\n<title>Arrangements H\u00f4tel Atlanta | S\u00e9jours festifs \u00e0 Knokke<\/title>\n<meta name=\"description\" content=\"D\u00e9couvrez nos arrangements uniques pour chaque saison et chaque occasion. Que vous recherchiez des vacances reposantes ou un s\u00e9jour festif, l&#039;h\u00f4tel Atlanta a la formule id\u00e9ale pour vous.\" \/>\n<meta name=\"robots\" content=\"index, follow, max-snippet:-1, max-image-preview:large, max-video-preview:-1\" \/>\n<link rel=\"canonical\" href=\"https:\/\/atlantaknokke.be\/fr\/arrangements\/\" \/>\n<meta property=\"og:locale\" content=\"fr_FR\" \/>\n<meta property=\"og:type\" content=\"article\" \/>\n<meta property=\"og:title\" content=\"Arrangements H\u00f4tel Atlanta | S\u00e9jours festifs \u00e0 Knokke\" \/>\n<meta property=\"og:description\" content=\"D\u00e9couvrez nos arrangements uniques pour chaque saison et chaque occasion. Que vous recherchiez des vacances reposantes ou un s\u00e9jour festif, l&#039;h\u00f4tel Atlanta a la formule id\u00e9ale pour vous.\" \/>\n<meta property=\"og:url\" content=\"https:\/\/atlantaknokke.be\/fr\/arrangements\/\" \/>\n<meta property=\"og:site_name\" content=\"Hotel Atlanta Knokke\" \/>\n<meta property=\"article:modified_time\" content=\"2025-10-27T09:31:26+00:00\" \/>\n<meta property=\"og:image\" content=\"https:\/\/atlantaknokke.be\/wp-content\/uploads\/2024\/05\/logo-atlanta.png\" \/>\n\t<meta property=\"og:image:width\" content=\"271\" \/>\n\t<meta property=\"og:image:height\" content=\"68\" \/>\n\t<meta property=\"og:image:type\" content=\"image\/png\" \/>\n<meta name=\"twitter:card\" content=\"summary_large_image\" \/>\n<meta name=\"twitter:label1\" content=\"Dur\u00e9e de lecture est.\" \/>\n\t<meta name=\"twitter:data1\" content=\"1 minute\" \/>\n<script type=\"application\/ld+json\" class=\"yoast-schema-graph\">{\"@context\":\"https:\/\/schema.org\",\"@graph\":[{\"@type\":\"WebPage\",\"@id\":\"https:\/\/atlantaknokke.be\/fr\/arrangements\/\",\"url\":\"https:\/\/atlantaknokke.be\/fr\/arrangements\/\",\"name\":\"Arrangements H\u00f4tel Atlanta | S\u00e9jours festifs \u00e0 Knokke\",\"isPartOf\":{\"@id\":\"https:\/\/atlantaknokke.be\/fr\/#website\"},\"datePublished\":\"2024-05-15T16:40:31+00:00\",\"dateModified\":\"2025-10-27T09:31:26+00:00\",\"description\":\"D\u00e9couvrez nos arrangements uniques pour chaque saison et chaque occasion. Que vous recherchiez des vacances reposantes ou un s\u00e9jour festif, l'h\u00f4tel Atlanta a la formule id\u00e9ale pour vous.\",\"breadcrumb\":{\"@id\":\"https:\/\/atlantaknokke.be\/fr\/arrangements\/#breadcrumb\"},\"inLanguage\":\"fr-BE\",\"potentialAction\":[{\"@type\":\"ReadAction\",\"target\":[\"https:\/\/atlantaknokke.be\/fr\/arrangements\/\"]}]},{\"@type\":\"BreadcrumbList\",\"@id\":\"https:\/\/atlantaknokke.be\/fr\/arrangements\/#breadcrumb\",\"itemListElement\":[{\"@type\":\"ListItem\",\"position\":1,\"name\":\"Home\",\"item\":\"https:\/\/atlantaknokke.be\/fr\/\"},{\"@type\":\"ListItem\",\"position\":2,\"name\":\"Arrangements\"}]},{\"@type\":\"WebSite\",\"@id\":\"https:\/\/atlantaknokke.be\/fr\/#website\",\"url\":\"https:\/\/atlantaknokke.be\/fr\/\",\"name\":\"Hotel Atlanta Knokke\",\"description\":\"\",\"publisher\":{\"@id\":\"https:\/\/atlantaknokke.be\/fr\/#organization\"},\"potentialAction\":[{\"@type\":\"SearchAction\",\"target\":{\"@type\":\"EntryPoint\",\"urlTemplate\":\"https:\/\/atlantaknokke.be\/fr\/?s={search_term_string}\"},\"query-input\":{\"@type\":\"PropertyValueSpecification\",\"valueRequired\":true,\"valueName\":\"search_term_string\"}}],\"inLanguage\":\"fr-BE\"},{\"@type\":\"Organization\",\"@id\":\"https:\/\/atlantaknokke.be\/fr\/#organization\",\"name\":\"Hotel Atlanta Knokke\",\"url\":\"https:\/\/atlantaknokke.be\/fr\/\",\"logo\":{\"@type\":\"ImageObject\",\"inLanguage\":\"fr-BE\",\"@id\":\"https:\/\/atlantaknokke.be\/fr\/#\/schema\/logo\/image\/\",\"url\":\"https:\/\/atlantaknokke.be\/wp-content\/uploads\/2024\/06\/logo.jpeg\",\"contentUrl\":\"https:\/\/atlantaknokke.be\/wp-content\/uploads\/2024\/06\/logo.jpeg\",\"width\":884,\"height\":588,\"caption\":\"Hotel Atlanta Knokke\"},\"image\":{\"@id\":\"https:\/\/atlantaknokke.be\/fr\/#\/schema\/logo\/image\/\"}}]}<\/script>\n<!-- \/ Yoast SEO plugin. -->","yoast_head_json":{"title":"Arrangements H\u00f4tel Atlanta | S\u00e9jours festifs \u00e0 Knokke","description":"D\u00e9couvrez nos arrangements uniques pour chaque saison et chaque occasion. Que vous recherchiez des vacances reposantes ou un s\u00e9jour festif, l'h\u00f4tel Atlanta a la formule id\u00e9ale pour vous.","robots":{"index":"index","follow":"follow","max-snippet":"max-snippet:-1","max-image-preview":"max-image-preview:large","max-video-preview":"max-video-preview:-1"},"canonical":"https:\/\/atlantaknokke.be\/fr\/arrangements\/","og_locale":"fr_FR","og_type":"article","og_title":"Arrangements H\u00f4tel Atlanta | S\u00e9jours festifs \u00e0 Knokke","og_description":"D\u00e9couvrez nos arrangements uniques pour chaque saison et chaque occasion. Que vous recherchiez des vacances reposantes ou un s\u00e9jour festif, l'h\u00f4tel Atlanta a la formule id\u00e9ale pour vous.","og_url":"https:\/\/atlantaknokke.be\/fr\/arrangements\/","og_site_name":"Hotel Atlanta Knokke","article_modified_time":"2025-10-27T09:31:26+00:00","og_image":[{"width":271,"height":68,"url":"https:\/\/atlantaknokke.be\/wp-content\/uploads\/2024\/05\/logo-atlanta.png","type":"image\/png"}],"twitter_card":"summary_large_image","twitter_misc":{"Dur\u00e9e de lecture est.":"1 minute"},"schema":{"@context":"https:\/\/schema.org","@graph":[{"@type":"WebPage","@id":"https:\/\/atlantaknokke.be\/fr\/arrangements\/","url":"https:\/\/atlantaknokke.be\/fr\/arrangements\/","name":"Arrangements H\u00f4tel Atlanta | S\u00e9jours festifs \u00e0 Knokke","isPartOf":{"@id":"https:\/\/atlantaknokke.be\/fr\/#website"},"datePublished":"2024-05-15T16:40:31+00:00","dateModified":"2025-10-27T09:31:26+00:00","description":"D\u00e9couvrez nos arrangements uniques pour chaque saison et chaque occasion. Que vous recherchiez des vacances reposantes ou un s\u00e9jour festif, l'h\u00f4tel Atlanta a la formule id\u00e9ale pour vous.","breadcrumb":{"@id":"https:\/\/atlantaknokke.be\/fr\/arrangements\/#breadcrumb"},"inLanguage":"fr-BE","potentialAction":[{"@type":"ReadAction","target":["https:\/\/atlantaknokke.be\/fr\/arrangements\/"]}]},{"@type":"BreadcrumbList","@id":"https:\/\/atlantaknokke.be\/fr\/arrangements\/#breadcrumb","itemListElement":[{"@type":"ListItem","position":1,"name":"Home","item":"https:\/\/atlantaknokke.be\/fr\/"},{"@type":"ListItem","position":2,"name":"Arrangements"}]},{"@type":"WebSite","@id":"https:\/\/atlantaknokke.be\/fr\/#website","url":"https:\/\/atlantaknokke.be\/fr\/","name":"Hotel Atlanta Knokke","description":"","publisher":{"@id":"https:\/\/atlantaknokke.be\/fr\/#organization"},"potentialAction":[{"@type":"SearchAction","target":{"@type":"EntryPoint","urlTemplate":"https:\/\/atlantaknokke.be\/fr\/?s={search_term_string}"},"query-input":{"@type":"PropertyValueSpecification","valueRequired":true,"valueName":"search_term_string"}}],"inLanguage":"fr-BE"},{"@type":"Organization","@id":"https:\/\/atlantaknokke.be\/fr\/#organization","name":"Hotel Atlanta Knokke","url":"https:\/\/atlantaknokke.be\/fr\/","logo":{"@type":"ImageObject","inLanguage":"fr-BE","@id":"https:\/\/atlantaknokke.be\/fr\/#\/schema\/logo\/image\/","url":"https:\/\/atlantaknokke.be\/wp-content\/uploads\/2024\/06\/logo.jpeg","contentUrl":"https:\/\/atlantaknokke.be\/wp-content\/uploads\/2024\/06\/logo.jpeg","width":884,"height":588,"caption":"Hotel Atlanta Knokke"},"image":{"@id":"https:\/\/atlantaknokke.be\/fr\/#\/schema\/logo\/image\/"}}]}},"_links":{"self":[{"href":"https:\/\/atlantaknokke.be\/fr\/wp-json\/wp\/v2\/pages\/1431","targetHints":{"allow":["GET"]}}],"collection":[{"href":"https:\/\/atlantaknokke.be\/fr\/wp-json\/wp\/v2\/pages"}],"about":[{"href":"https:\/\/atlantaknokke.be\/fr\/wp-json\/wp\/v2\/types\/page"}],"author":[{"embeddable":true,"href":"https:\/\/atlantaknokke.be\/fr\/wp-json\/wp\/v2\/users\/1"}],"replies":[{"embeddable":true,"href":"https:\/\/atlantaknokke.be\/fr\/wp-json\/wp\/v2\/comments?post=1431"}],"version-history":[{"count":37,"href":"https:\/\/atlantaknokke.be\/fr\/wp-json\/wp\/v2\/pages\/1431\/revisions"}],"predecessor-version":[{"id":1728,"href":"https:\/\/atlantaknokke.be\/fr\/wp-json\/wp\/v2\/pages\/1431\/revisions\/1728"}],"wp:attachment":[{"href":"https:\/\/atlantaknokke.be\/fr\/wp-json\/wp\/v2\/media?parent=1431"}],"curies":[{"name":"wp","href":"https:\/\/api.w.org\/{rel}","templated":true}]}}