{"id":1435,"date":"2024-05-15T16:40:08","date_gmt":"2024-05-15T16:40:08","guid":{"rendered":"https:\/\/atlantaknokke.be\/cadeaubon\/"},"modified":"2024-07-02T18:39:00","modified_gmt":"2024-07-02T18:39:00","slug":"cadeaubon","status":"publish","type":"page","link":"https:\/\/atlantaknokke.be\/fr\/cadeaubon\/","title":{"rendered":"Cadeaubon"},"content":{"rendered":"\t\t<div data-elementor-type=\"wp-page\" data-elementor-id=\"1435\" class=\"elementor elementor-1435 elementor-26\" data-elementor-post-type=\"page\">\n\t\t\t\t<div class=\"elementor-element elementor-element-7363c4e e-con-full e-flex e-con e-parent\" data-id=\"7363c4e\" data-element_type=\"container\" data-e-type=\"container\">\n\t\t<div class=\"elementor-element elementor-element-661bda6 e-con-full e-flex e-con e-child\" data-id=\"661bda6\" data-element_type=\"container\" data-e-type=\"container\" data-settings=\"{&quot;background_background&quot;:&quot;classic&quot;}\">\n\t\t\t\t<div class=\"elementor-element elementor-element-e69e13e elementor-widget elementor-widget-heading\" data-id=\"e69e13e\" data-element_type=\"widget\" data-e-type=\"widget\" data-widget_type=\"heading.default\">\n\t\t\t\t<div class=\"elementor-widget-container\">\n\t\t\t\t\t<h1 class=\"elementor-heading-title elementor-size-default\">Cadeaubon<\/h1>\t\t\t\t<\/div>\n\t\t\t\t<\/div>\n\t\t\t\t<\/div>\n\t\t\t\t<\/div>\n\t\t<div class=\"elementor-element elementor-element-3ffbde2 e-flex e-con-boxed e-con e-parent\" data-id=\"3ffbde2\" data-element_type=\"container\" data-e-type=\"container\">\n\t\t\t\t\t<div class=\"e-con-inner\">\n\t\t<div class=\"elementor-element elementor-element-68312d9 e-con-full e-flex e-con e-child\" data-id=\"68312d9\" data-element_type=\"container\" data-e-type=\"container\">\n\t\t\t\t<div class=\"elementor-element elementor-element-2fb6e8f elementor-widget elementor-widget-text-editor\" data-id=\"2fb6e8f\" data-element_type=\"widget\" data-e-type=\"widget\" data-widget_type=\"text-editor.default\">\n\t\t\t\t<div class=\"elementor-widget-container\">\n\t\t\t\t\t\t\t\t\t<p>Vous voulez surprendre quelqu&rsquo;un en lui offrant un s\u00e9jour inoubliable dans notre bel h\u00f4tel ? Nos ch\u00e8ques-cadeaux sont le cadeau id\u00e9al pour toutes les occasions. Qu&rsquo;il s&rsquo;agisse d&rsquo;un anniversaire, de la Saint-Valentin ou simplement d&rsquo;un remerciement, avec nos ch\u00e8ques-cadeaux, vous offrez toujours l&rsquo;exp\u00e9rience ultime.<\/p>\n\t\t\t\t\t\t\t\t<\/div>\n\t\t\t\t<\/div>\n\t\t\t\t<div class=\"elementor-element elementor-element-3ca2b6b elementor-widget-divider--view-line elementor-widget elementor-widget-divider\" data-id=\"3ca2b6b\" data-element_type=\"widget\" data-e-type=\"widget\" data-widget_type=\"divider.default\">\n\t\t\t\t<div class=\"elementor-widget-container\">\n\t\t\t\t\t\t\t<div class=\"elementor-divider\">\n\t\t\t<span class=\"elementor-divider-separator\">\n\t\t\t\t\t\t<\/span>\n\t\t<\/div>\n\t\t\t\t\t\t<\/div>\n\t\t\t\t<\/div>\n\t\t\t\t<div class=\"elementor-element elementor-element-99a9ef9 elementor-widget elementor-widget-heading\" data-id=\"99a9ef9\" data-element_type=\"widget\" data-e-type=\"widget\" data-widget_type=\"heading.default\">\n\t\t\t\t<div class=\"elementor-widget-container\">\n\t\t\t\t\t<h2 class=\"elementor-heading-title elementor-size-default\">Offrez \u00e0 vos proches un s\u00e9jour inoubliable : commandez un <span style=\"font-weight:500\">ch\u00e8que-cadeau <\/span>d\u00e8s maintenant !<\/h2>\t\t\t\t<\/div>\n\t\t\t\t<\/div>\n\t\t\t\t<div class=\"elementor-element elementor-element-e4f79cc elementor-mobile-align-center elementor-widget elementor-widget-button\" data-id=\"e4f79cc\" data-element_type=\"widget\" data-e-type=\"widget\" data-widget_type=\"button.default\">\n\t\t\t\t<div class=\"elementor-widget-container\">\n\t\t\t\t\t\t\t\t\t<div class=\"elementor-button-wrapper\">\n\t\t\t\t\t<a class=\"elementor-button elementor-button-link elementor-size-sm\" href=\"https:\/\/ibe.younight.com\/hotel-atlanta-knokke-heist-2?lng=fr\" target=\"_blank\">\n\t\t\t\t\t\t<span class=\"elementor-button-content-wrapper\">\n\t\t\t\t\t\t\t\t\t<span class=\"elementor-button-text\">Commander un ch\u00e8que-cadeau<\/span>\n\t\t\t\t\t<\/span>\n\t\t\t\t\t<\/a>\n\t\t\t\t<\/div>\n\t\t\t\t\t\t\t\t<\/div>\n\t\t\t\t<\/div>\n\t\t\t\t<\/div>\n\t\t<div class=\"elementor-element elementor-element-b35ed0e e-con-full elementor-hidden-tablet elementor-hidden-mobile e-flex e-con e-child\" data-id=\"b35ed0e\" data-element_type=\"container\" data-e-type=\"container\">\n\t\t\t\t<div class=\"elementor-element elementor-element-879f650 elementor-widget elementor-widget-image\" data-id=\"879f650\" data-element_type=\"widget\" data-e-type=\"widget\" data-widget_type=\"image.default\">\n\t\t\t\t<div class=\"elementor-widget-container\">\n\t\t\t\t\t\t\t\t\t\t\t\t\t\t\t<img fetchpriority=\"high\" decoding=\"async\" width=\"800\" height=\"534\" src=\"https:\/\/atlantaknokke.be\/wp-content\/uploads\/2024\/06\/I60A3836-1024x683.jpg\" class=\"attachment-large size-large wp-image-1225\" alt=\"\" srcset=\"https:\/\/atlantaknokke.be\/wp-content\/uploads\/2024\/06\/I60A3836-1024x683.jpg 1024w, https:\/\/atlantaknokke.be\/wp-content\/uploads\/2024\/06\/I60A3836-300x200.jpg 300w, https:\/\/atlantaknokke.be\/wp-content\/uploads\/2024\/06\/I60A3836-768x512.jpg 768w, https:\/\/atlantaknokke.be\/wp-content\/uploads\/2024\/06\/I60A3836-1536x1024.jpg 1536w, https:\/\/atlantaknokke.be\/wp-content\/uploads\/2024\/06\/I60A3836.jpg 1800w\" sizes=\"(max-width: 800px) 100vw, 800px\" \/>\t\t\t\t\t\t\t\t\t\t\t\t\t\t\t<\/div>\n\t\t\t\t<\/div>\n\t\t\t\t<\/div>\n\t\t\t\t\t<\/div>\n\t\t\t\t<\/div>\n\t\t\t\t<\/div>\n\t\t","protected":false},"excerpt":{"rendered":"<p>Vous voulez surprendre quelqu&rsquo;un en lui offrant un s\u00e9jour inoubliable dans notre bel h\u00f4tel ? Nos ch\u00e8ques-cadeaux sont le cadeau id\u00e9al pour toutes les occasions. Qu&rsquo;il s&rsquo;agisse d&rsquo;un anniversaire, de la Saint-Valentin ou simplement d&rsquo;un remerciement, avec nos ch\u00e8ques-cadeaux, vous offrez toujours l&rsquo;exp\u00e9rience ultime. Offrez \u00e0 vos proches un s\u00e9jour inoubliable : commandez un ch\u00e8que-cadeau [&hellip;]<\/p>\n","protected":false},"author":1,"featured_media":0,"parent":0,"menu_order":0,"comment_status":"closed","ping_status":"closed","template":"","meta":{"footnotes":""},"class_list":["post-1435","page","type-page","status-publish","hentry"],"yoast_head":"<!-- This site is optimized with the Yoast SEO plugin v26.9 - https:\/\/yoast.com\/product\/yoast-seo-wordpress\/ -->\n<title>Cadeaubon Hotel Atlanta | Offrez un s\u00e9jour unique \u00e0 Knokke<\/title>\n<meta name=\"description\" content=\"Vous cherchez un cadeau original ? Avec un ch\u00e8que-cadeau de l&#039;H\u00f4tel Atlanta, vous offrez plus qu&#039;une nuit\u00e9e, vous offrez une exp\u00e9rience inoubliable. Commandez d\u00e8s maintenant !\" \/>\n<meta name=\"robots\" content=\"index, follow, max-snippet:-1, max-image-preview:large, max-video-preview:-1\" \/>\n<link rel=\"canonical\" href=\"https:\/\/atlantaknokke.be\/fr\/cadeaubon\/\" \/>\n<meta property=\"og:locale\" content=\"fr_FR\" \/>\n<meta property=\"og:type\" content=\"article\" \/>\n<meta property=\"og:title\" content=\"Cadeaubon Hotel Atlanta | Offrez un s\u00e9jour unique \u00e0 Knokke\" \/>\n<meta property=\"og:description\" content=\"Vous cherchez un cadeau original ? Avec un ch\u00e8que-cadeau de l&#039;H\u00f4tel Atlanta, vous offrez plus qu&#039;une nuit\u00e9e, vous offrez une exp\u00e9rience inoubliable. Commandez d\u00e8s maintenant !\" \/>\n<meta property=\"og:url\" content=\"https:\/\/atlantaknokke.be\/fr\/cadeaubon\/\" \/>\n<meta property=\"og:site_name\" content=\"Hotel Atlanta Knokke\" \/>\n<meta property=\"article:modified_time\" content=\"2024-07-02T18:39:00+00:00\" \/>\n<meta property=\"og:image\" content=\"https:\/\/atlantaknokke.be\/wp-content\/uploads\/2024\/06\/I60A3836-1024x683.jpg\" \/>\n<meta name=\"twitter:card\" content=\"summary_large_image\" \/>\n<script type=\"application\/ld+json\" class=\"yoast-schema-graph\">{\"@context\":\"https:\/\/schema.org\",\"@graph\":[{\"@type\":\"WebPage\",\"@id\":\"https:\/\/atlantaknokke.be\/fr\/cadeaubon\/\",\"url\":\"https:\/\/atlantaknokke.be\/fr\/cadeaubon\/\",\"name\":\"Cadeaubon Hotel Atlanta | Offrez un s\u00e9jour unique \u00e0 Knokke\",\"isPartOf\":{\"@id\":\"https:\/\/atlantaknokke.be\/fr\/#website\"},\"primaryImageOfPage\":{\"@id\":\"https:\/\/atlantaknokke.be\/fr\/cadeaubon\/#primaryimage\"},\"image\":{\"@id\":\"https:\/\/atlantaknokke.be\/fr\/cadeaubon\/#primaryimage\"},\"thumbnailUrl\":\"https:\/\/atlantaknokke.be\/wp-content\/uploads\/2024\/06\/I60A3836-1024x683.jpg\",\"datePublished\":\"2024-05-15T16:40:08+00:00\",\"dateModified\":\"2024-07-02T18:39:00+00:00\",\"description\":\"Vous cherchez un cadeau original ? Avec un ch\u00e8que-cadeau de l'H\u00f4tel Atlanta, vous offrez plus qu'une nuit\u00e9e, vous offrez une exp\u00e9rience inoubliable. Commandez d\u00e8s maintenant !\",\"breadcrumb\":{\"@id\":\"https:\/\/atlantaknokke.be\/fr\/cadeaubon\/#breadcrumb\"},\"inLanguage\":\"fr-BE\",\"potentialAction\":[{\"@type\":\"ReadAction\",\"target\":[\"https:\/\/atlantaknokke.be\/fr\/cadeaubon\/\"]}]},{\"@type\":\"ImageObject\",\"inLanguage\":\"fr-BE\",\"@id\":\"https:\/\/atlantaknokke.be\/fr\/cadeaubon\/#primaryimage\",\"url\":\"https:\/\/atlantaknokke.be\/wp-content\/uploads\/2024\/06\/I60A3836-1024x683.jpg\",\"contentUrl\":\"https:\/\/atlantaknokke.be\/wp-content\/uploads\/2024\/06\/I60A3836-1024x683.jpg\"},{\"@type\":\"BreadcrumbList\",\"@id\":\"https:\/\/atlantaknokke.be\/fr\/cadeaubon\/#breadcrumb\",\"itemListElement\":[{\"@type\":\"ListItem\",\"position\":1,\"name\":\"Home\",\"item\":\"https:\/\/atlantaknokke.be\/fr\/\"},{\"@type\":\"ListItem\",\"position\":2,\"name\":\"Cadeaubon\"}]},{\"@type\":\"WebSite\",\"@id\":\"https:\/\/atlantaknokke.be\/fr\/#website\",\"url\":\"https:\/\/atlantaknokke.be\/fr\/\",\"name\":\"Hotel Atlanta Knokke\",\"description\":\"\",\"publisher\":{\"@id\":\"https:\/\/atlantaknokke.be\/fr\/#organization\"},\"potentialAction\":[{\"@type\":\"SearchAction\",\"target\":{\"@type\":\"EntryPoint\",\"urlTemplate\":\"https:\/\/atlantaknokke.be\/fr\/?s={search_term_string}\"},\"query-input\":{\"@type\":\"PropertyValueSpecification\",\"valueRequired\":true,\"valueName\":\"search_term_string\"}}],\"inLanguage\":\"fr-BE\"},{\"@type\":\"Organization\",\"@id\":\"https:\/\/atlantaknokke.be\/fr\/#organization\",\"name\":\"Hotel Atlanta Knokke\",\"url\":\"https:\/\/atlantaknokke.be\/fr\/\",\"logo\":{\"@type\":\"ImageObject\",\"inLanguage\":\"fr-BE\",\"@id\":\"https:\/\/atlantaknokke.be\/fr\/#\/schema\/logo\/image\/\",\"url\":\"https:\/\/atlantaknokke.be\/wp-content\/uploads\/2024\/06\/logo.jpeg\",\"contentUrl\":\"https:\/\/atlantaknokke.be\/wp-content\/uploads\/2024\/06\/logo.jpeg\",\"width\":884,\"height\":588,\"caption\":\"Hotel Atlanta Knokke\"},\"image\":{\"@id\":\"https:\/\/atlantaknokke.be\/fr\/#\/schema\/logo\/image\/\"}}]}<\/script>\n<!-- \/ Yoast SEO plugin. -->","yoast_head_json":{"title":"Cadeaubon Hotel Atlanta | Offrez un s\u00e9jour unique \u00e0 Knokke","description":"Vous cherchez un cadeau original ? Avec un ch\u00e8que-cadeau de l'H\u00f4tel Atlanta, vous offrez plus qu'une nuit\u00e9e, vous offrez une exp\u00e9rience inoubliable. Commandez d\u00e8s maintenant !","robots":{"index":"index","follow":"follow","max-snippet":"max-snippet:-1","max-image-preview":"max-image-preview:large","max-video-preview":"max-video-preview:-1"},"canonical":"https:\/\/atlantaknokke.be\/fr\/cadeaubon\/","og_locale":"fr_FR","og_type":"article","og_title":"Cadeaubon Hotel Atlanta | Offrez un s\u00e9jour unique \u00e0 Knokke","og_description":"Vous cherchez un cadeau original ? Avec un ch\u00e8que-cadeau de l'H\u00f4tel Atlanta, vous offrez plus qu'une nuit\u00e9e, vous offrez une exp\u00e9rience inoubliable. Commandez d\u00e8s maintenant !","og_url":"https:\/\/atlantaknokke.be\/fr\/cadeaubon\/","og_site_name":"Hotel Atlanta Knokke","article_modified_time":"2024-07-02T18:39:00+00:00","og_image":[{"url":"https:\/\/atlantaknokke.be\/wp-content\/uploads\/2024\/06\/I60A3836-1024x683.jpg","type":"","width":"","height":""}],"twitter_card":"summary_large_image","schema":{"@context":"https:\/\/schema.org","@graph":[{"@type":"WebPage","@id":"https:\/\/atlantaknokke.be\/fr\/cadeaubon\/","url":"https:\/\/atlantaknokke.be\/fr\/cadeaubon\/","name":"Cadeaubon Hotel Atlanta | Offrez un s\u00e9jour unique \u00e0 Knokke","isPartOf":{"@id":"https:\/\/atlantaknokke.be\/fr\/#website"},"primaryImageOfPage":{"@id":"https:\/\/atlantaknokke.be\/fr\/cadeaubon\/#primaryimage"},"image":{"@id":"https:\/\/atlantaknokke.be\/fr\/cadeaubon\/#primaryimage"},"thumbnailUrl":"https:\/\/atlantaknokke.be\/wp-content\/uploads\/2024\/06\/I60A3836-1024x683.jpg","datePublished":"2024-05-15T16:40:08+00:00","dateModified":"2024-07-02T18:39:00+00:00","description":"Vous cherchez un cadeau original ? Avec un ch\u00e8que-cadeau de l'H\u00f4tel Atlanta, vous offrez plus qu'une nuit\u00e9e, vous offrez une exp\u00e9rience inoubliable. Commandez d\u00e8s maintenant !","breadcrumb":{"@id":"https:\/\/atlantaknokke.be\/fr\/cadeaubon\/#breadcrumb"},"inLanguage":"fr-BE","potentialAction":[{"@type":"ReadAction","target":["https:\/\/atlantaknokke.be\/fr\/cadeaubon\/"]}]},{"@type":"ImageObject","inLanguage":"fr-BE","@id":"https:\/\/atlantaknokke.be\/fr\/cadeaubon\/#primaryimage","url":"https:\/\/atlantaknokke.be\/wp-content\/uploads\/2024\/06\/I60A3836-1024x683.jpg","contentUrl":"https:\/\/atlantaknokke.be\/wp-content\/uploads\/2024\/06\/I60A3836-1024x683.jpg"},{"@type":"BreadcrumbList","@id":"https:\/\/atlantaknokke.be\/fr\/cadeaubon\/#breadcrumb","itemListElement":[{"@type":"ListItem","position":1,"name":"Home","item":"https:\/\/atlantaknokke.be\/fr\/"},{"@type":"ListItem","position":2,"name":"Cadeaubon"}]},{"@type":"WebSite","@id":"https:\/\/atlantaknokke.be\/fr\/#website","url":"https:\/\/atlantaknokke.be\/fr\/","name":"Hotel Atlanta Knokke","description":"","publisher":{"@id":"https:\/\/atlantaknokke.be\/fr\/#organization"},"potentialAction":[{"@type":"SearchAction","target":{"@type":"EntryPoint","urlTemplate":"https:\/\/atlantaknokke.be\/fr\/?s={search_term_string}"},"query-input":{"@type":"PropertyValueSpecification","valueRequired":true,"valueName":"search_term_string"}}],"inLanguage":"fr-BE"},{"@type":"Organization","@id":"https:\/\/atlantaknokke.be\/fr\/#organization","name":"Hotel Atlanta Knokke","url":"https:\/\/atlantaknokke.be\/fr\/","logo":{"@type":"ImageObject","inLanguage":"fr-BE","@id":"https:\/\/atlantaknokke.be\/fr\/#\/schema\/logo\/image\/","url":"https:\/\/atlantaknokke.be\/wp-content\/uploads\/2024\/06\/logo.jpeg","contentUrl":"https:\/\/atlantaknokke.be\/wp-content\/uploads\/2024\/06\/logo.jpeg","width":884,"height":588,"caption":"Hotel Atlanta Knokke"},"image":{"@id":"https:\/\/atlantaknokke.be\/fr\/#\/schema\/logo\/image\/"}}]}},"_links":{"self":[{"href":"https:\/\/atlantaknokke.be\/fr\/wp-json\/wp\/v2\/pages\/1435","targetHints":{"allow":["GET"]}}],"collection":[{"href":"https:\/\/atlantaknokke.be\/fr\/wp-json\/wp\/v2\/pages"}],"about":[{"href":"https:\/\/atlantaknokke.be\/fr\/wp-json\/wp\/v2\/types\/page"}],"author":[{"embeddable":true,"href":"https:\/\/atlantaknokke.be\/fr\/wp-json\/wp\/v2\/users\/1"}],"replies":[{"embeddable":true,"href":"https:\/\/atlantaknokke.be\/fr\/wp-json\/wp\/v2\/comments?post=1435"}],"version-history":[{"count":3,"href":"https:\/\/atlantaknokke.be\/fr\/wp-json\/wp\/v2\/pages\/1435\/revisions"}],"predecessor-version":[{"id":1438,"href":"https:\/\/atlantaknokke.be\/fr\/wp-json\/wp\/v2\/pages\/1435\/revisions\/1438"}],"wp:attachment":[{"href":"https:\/\/atlantaknokke.be\/fr\/wp-json\/wp\/v2\/media?parent=1435"}],"curies":[{"name":"wp","href":"https:\/\/api.w.org\/{rel}","templated":true}]}}